{"id":53,"date":"2022-11-03T06:15:04","date_gmt":"2022-11-03T06:15:04","guid":{"rendered":"http:\/\/audio-dezent.de\/?page_id=53"},"modified":"2025-07-04T06:49:29","modified_gmt":"2025-07-04T06:49:29","slug":"referenzen","status":"publish","type":"page","link":"https:\/\/audio-dezent.de\/?page_id=53","title":{"rendered":"Referenzen"},"content":{"rendered":"<p><strong>Veranstalter:<\/strong><br \/>\nMusikverein Alttann<br \/>\nMusikverein Arnach<br \/>\nMusikverein Attenweiler<br \/>\nMusikverein Bergatreute<br \/>\nMusikverein Diepoldshofen<br \/>\nMusikverein Dietmans<br \/>\nMusikverein Eint\u00fcrnen<br \/>\nMusikverein Hauerz<br \/>\nMusikverein Karsee<br \/>\nMusikverein Molpertshaus<br \/>\nMusikverein Ostrach<br \/>\nMusikverein Roggenzell<br \/>\nMusikverein R\u00f6tenbach<br \/>\nMusikverein Schloss Zeil<br \/>\nMusikverein Seibranz<br \/>\nMusikverein Stafflangen<br \/>\nMusikverein Waltershofen<\/p>\n<p>Narrenzunft Alttann<br \/>\nNarrenzunft Maierh\u00f6fen<\/p>\n<p>Automobilmuseum Fritz B. Busch, Wolfegg<br \/>\nBauernhausmuseum Allg\u00e4u Oberschwaben, Wolfegg<br \/>\nBauernverband Allg\u00e4u-Oberschwaben, Bad Waldsee<br \/>\nBauerntheater R\u00f6tenbach<br \/>\nDorfgemeinschaftshaus, Alttann<br \/>\nGemeinde Wolfegg<br \/>\nGrundschule Neuravensburg<br \/>\nGymnasium Bad Waldsee<br \/>\nIHK Ulm<br \/>\nKirchengemeinde Alttann<br \/>\nKirchengemeinde Wolfegg<br \/>\nKreishandwerkerschaft \/ Bauinnung, Ravensburg<br \/>\nLandjugend Karsee<br \/>\nLandkreis Ravensburg<br \/>\nLAZBW, Aulendorf<br \/>\nLudwigsburger Schlossfestspiele<br \/>\nRestaurant Kantine, Ravensburg<br \/>\nReitclub Bergatreute e.V.<br \/>\nReit &amp; Fahrverein Wolfegg<br \/>\nSchule am See, Friedrichshafen<br \/>\nSparkasse, Ravensburg<br \/>\nSportverein Alttann<br \/>\nSportverein Bergatreute<\/p>\n<p><strong>Band&#8217;s:<\/strong><br \/>\nAchtalblech<br \/>\nBlaskapelle Millaranka<br \/>\nIndikta<br \/>\nJiggle &amp; the Hairstylers<br \/>\nPrincess<br \/>\nStafflblech<br \/>\nSoulpack<br \/>\nWindst\u00e4rke 12<\/p>\n<p><strong>FOH:<br \/>\n<\/strong>Almut Schwab<br \/>\nAndrea Volk<br \/>\nAndy H\u00e4ussler<br \/>\nAndy Ost<br \/>\nAusblick<br \/>\nBillowWood<br \/>\nBlasmusik Grenzenlos<br \/>\nBrauerei H\u00e4rle, Leutkirch<br \/>\nBrauerei Stolz, Isny<br \/>\nBrian Chartrand-Trio<br \/>\nBroadway Joe<br \/>\nF**k die Polka<br \/>\nGruberich<br \/>\nGoitse<br \/>\nHofenbrass<br \/>\nKinderfest Leutkirch<br \/>\nKinderfest Wangen<br \/>\nKreismusikfest Schlier-Unterankenreute<br \/>\nKreismusikfest Beuren<br \/>\nKreismusikfest Diepoldshofen<br \/>\nKreismusikfest Ingoldingen<br \/>\nKreismusikfest Neu-Ulm<br \/>\nKreismusikfest R\u00f6tenbach<br \/>\nKreismusikfest Wolfegg<br \/>\nKreismusikfest Ziegelbach<br \/>\nOnly for Tonight<br \/>\nPant Shop Scratchers<br \/>\nPerBlech&#8217;s<br \/>\nPowerage<br \/>\nPost Pacific<br \/>\nSchenkenburger Musikanten<br \/>\nSchw\u00e4bisch 7<br \/>\nSiebenschl\u00e4fer<br \/>\nSpiro Muzika<br \/>\nStehbachmusikanten<br \/>\nTill the End<br \/>\nTim Becker<br \/>\nThe Monroes<br \/>\nUli B\u00f6ttcher<br \/>\nUmlandmusikanten<br \/>\nUrlauer Falschspieler<br \/>\nVerstehen Sie Brass?<br \/>\nWillerazhofer Spitzbuben<br \/>\nWildes Holz<br \/>\nWoizahuper<\/p>\n<p><strong>Freelancer f\u00fcr:<\/strong><br \/>\nAlpenmafia<br \/>\nDJ Tropicana, Mengen<br \/>\nFlexisound, Ravensburg<br \/>\nSoundtec VT, Wangen<br \/>\nRed Sunset \/ Dirndlknacker<\/p>\n","protected":false},"excerpt":{"rendered":"<p>Veranstalter: Musikverein Alttann Musikverein Arnach Musikverein Attenweiler Musikverein Bergatreute Musikverein Diepoldshofen Musikverein Dietmans Musikverein Eint\u00fcrnen Musikverein Hauerz Musikverein Karsee Musikverein Molpertshaus Musikverein Ostrach Musikverein Roggenzell Musikverein R\u00f6tenbach Musikverein Schloss Zeil Musikverein Seibranz Musikverein Stafflangen Musikverein Waltershofen Narrenzunft Alttann Narrenzunft Maierh\u00f6fen Automobilmuseum Fritz B. Busch, Wolfegg Bauernhausmuseum Allg\u00e4u Oberschwaben, Wolfegg Bauernverband Allg\u00e4u-Oberschwaben, Bad Waldsee Bauerntheater R\u00f6tenbach &hellip; <\/p>\n<p class=\"link-more\"><a href=\"https:\/\/audio-dezent.de\/?page_id=53\" class=\"more-link\"><span class=\"screen-reader-text\">\u201eReferenzen\u201c <\/span>weiterlesen<\/a><\/p>\n","protected":false},"author":1,"featured_media":0,"parent":0,"menu_order":0,"comment_status":"closed","ping_status":"closed","template":"","meta":{"footnotes":""},"class_list":["post-53","page","type-page","status-publish","hentry"],"_links":{"self":[{"href":"https:\/\/audio-dezent.de\/index.php?rest_route=\/wp\/v2\/pages\/53","targetHints":{"allow":["GET"]}}],"collection":[{"href":"https:\/\/audio-dezent.de\/index.php?rest_route=\/wp\/v2\/pages"}],"about":[{"href":"https:\/\/audio-dezent.de\/index.php?rest_route=\/wp\/v2\/types\/page"}],"author":[{"embeddable":true,"href":"https:\/\/audio-dezent.de\/index.php?rest_route=\/wp\/v2\/users\/1"}],"replies":[{"embeddable":true,"href":"https:\/\/audio-dezent.de\/index.php?rest_route=%2Fwp%2Fv2%2Fcomments&post=53"}],"version-history":[{"count":13,"href":"https:\/\/audio-dezent.de\/index.php?rest_route=\/wp\/v2\/pages\/53\/revisions"}],"predecessor-version":[{"id":283,"href":"https:\/\/audio-dezent.de\/index.php?rest_route=\/wp\/v2\/pages\/53\/revisions\/283"}],"wp:attachment":[{"href":"https:\/\/audio-dezent.de\/index.php?rest_route=%2Fwp%2Fv2%2Fmedia&parent=53"}],"curies":[{"name":"wp","href":"https:\/\/api.w.org\/{rel}","templated":true}]}}